{"id":2212,"date":"2023-07-10T18:18:00","date_gmt":"2023-07-10T16:18:00","guid":{"rendered":"https:\/\/cyberhero.rs\/?page_id=2212"},"modified":"2023-07-10T18:26:19","modified_gmt":"2023-07-10T16:26:19","slug":"scc-2023-finalni-rezultati","status":"publish","type":"page","link":"https:\/\/sajberheroj.rs\/en\/scc-2023-finalni-rezultati\/","title":{"rendered":"SCC 2023 &#8211; Finalni rezultati"},"content":{"rendered":"<div class=\"wpb-content-wrapper\"><div class=\"vc-row-container container\"><div class=\"vc_row wpb_row vc_row-fluid\"><div class=\"wpb_column vc_column_container vc_col-sm-12\"><div class=\"vc_column-inner\"><div class=\"wpb_wrapper\"><\/div><\/div><\/div><div class=\"wpb_column vc_column_container vc_col-sm-12\"><div class=\"vc_column-inner\"><div class=\"wpb_wrapper\">\n\t<div class=\"wpb_text_column wpb_content_element post-formatting\" >\n\t\t<div class=\"wpb_wrapper\">\n\t\t\t<h2 style=\"font-weight: 400;\">Final results of the SCC2023 competition<\/h2>\n<p>Below are the final results of the SCC2023 competition.<\/p>\n<p>Photo gallery from the competition<a href=\"https:\/\/cyberhero.rs\/scc2023-finale-galerija\/\"> &gt;&gt;<\/a><\/p>\n<p>Gallery of pictures from the final ceremony and award ceremony <a href=\"https:\/\/cyberhero.rs\/scc2023-proglasenje-galerija\/\">&gt;&gt;<\/a><\/p>\n\n\t\t<\/div>\n\t<\/div>\n<\/div><\/div><\/div><\/div><\/div><div class=\"vc-row-container container\"><div class=\"vc_row wpb_row vc_row-fluid\"><div class=\"wpb_column vc_column_container vc_col-sm-12\"><div class=\"vc_column-inner\"><div class=\"wpb_wrapper\">\n\t<div class=\"wpb_text_column wpb_content_element post-formatting\" >\n\t\t<div class=\"wpb_wrapper\">\n\t\t\t<table border=\"1\" width=\"605\" cellspacing=\"0\" cellpadding=\"0\">\n<colgroup>\n<col width=\"87\" \/>\n<col width=\"315\" \/>\n<col width=\"87\" \/>\n<col width=\"116\" \/><\/colgroup>\n<tbody>\n<tr>\n<td class=\"xl66\" rowspan=\"5\" width=\"87\" height=\"105\">1<\/td>\n<td class=\"xl66\" rowspan=\"5\" width=\"315\">Panonimusi<\/td>\n<td class=\"xl65\" width=\"87\">Du\u0161an<\/td>\n<td class=\"xl65\" width=\"116\">Lazi\u0107<\/td>\n<\/tr>\n<tr>\n<td class=\"xl65\" height=\"21\">Marko<\/td>\n<td class=\"xl65\">Gordi\u0107<\/td>\n<\/tr>\n<tr>\n<td class=\"xl65\" height=\"21\">Ana<\/td>\n<td class=\"xl65\">Batranovic<\/td>\n<\/tr>\n<tr>\n<td class=\"xl65\" height=\"21\">Ivan<\/td>\n<td class=\"xl65\">Mr\u0161ulja<\/td>\n<\/tr>\n<tr>\n<td class=\"xl65\" height=\"21\">Igor<\/td>\n<td class=\"xl65\">\u0160ikuljak<\/td>\n<\/tr>\n<tr>\n<td class=\"xl66\" rowspan=\"5\" height=\"105\">2<\/td>\n<td class=\"xl66\" rowspan=\"5\">Recover All Flags<\/td>\n<td class=\"xl65\">Aleksandar<\/td>\n<td class=\"xl65\">Jovanovic<\/td>\n<\/tr>\n<tr>\n<td class=\"xl65\" height=\"21\">Jovan<\/td>\n<td class=\"xl65\">Pavlovic<\/td>\n<\/tr>\n<tr>\n<td class=\"xl65\" height=\"21\">Vojin<\/td>\n<td class=\"xl65\">Golubovi\u0107<\/td>\n<\/tr>\n<tr>\n<td class=\"xl65\" height=\"21\">Mihajlo<\/td>\n<td class=\"xl65\">Krsmanovi\u0107<\/td>\n<\/tr>\n<tr>\n<td class=\"xl65\" height=\"21\">An\u0111ela<\/td>\n<td class=\"xl65\">Komneni\u0107<\/td>\n<\/tr>\n<tr>\n<td class=\"xl66\" rowspan=\"5\" height=\"105\">3<\/td>\n<td class=\"xl66\" rowspan=\"5\">de_bageri<\/td>\n<td class=\"xl65\">Ostoja<\/td>\n<td class=\"xl65\">Sredojevic<\/td>\n<\/tr>\n<tr>\n<td class=\"xl65\" height=\"21\">Petar<\/td>\n<td class=\"xl65\">Pilipovi\u0107<\/td>\n<\/tr>\n<tr>\n<td class=\"xl65\" height=\"21\">Nikola<\/td>\n<td class=\"xl65\">Obradovi\u0107<\/td>\n<\/tr>\n<tr>\n<td class=\"xl65\" height=\"21\">Mi\u0161a<\/td>\n<td class=\"xl65\">Stefanovi\u0107<\/td>\n<\/tr>\n<tr>\n<td class=\"xl65\" height=\"21\">Mihailo<\/td>\n<td class=\"xl65\">Milenkovi\u0107<\/td>\n<\/tr>\n<tr>\n<td class=\"xl66\" rowspan=\"5\" height=\"105\">4<\/td>\n<td class=\"xl66\" rowspan=\"5\">Konstantin<\/td>\n<td class=\"xl65\">Andrej<\/td>\n<td class=\"xl65\">Premovi\u0107<\/td>\n<\/tr>\n<tr>\n<td class=\"xl65\" height=\"21\">Jovan<\/td>\n<td class=\"xl65\">Mihajlovi\u0107<\/td>\n<\/tr>\n<tr>\n<td class=\"xl65\" height=\"21\">Bogdan<\/td>\n<td class=\"xl65\">Mici\u0107<\/td>\n<\/tr>\n<tr>\n<td class=\"xl65\" height=\"21\">Veljko<\/td>\n<td class=\"xl65\">Mihajlovi\u0107<\/td>\n<\/tr>\n<tr>\n<td class=\"xl65\" height=\"21\">Nikola<\/td>\n<td class=\"xl65\">Mladenovic<\/td>\n<\/tr>\n<tr>\n<td class=\"xl66\" rowspan=\"5\" height=\"105\">5<\/td>\n<td class=\"xl66\" rowspan=\"5\">\u0408\u0435\u0434\u0430\u043d<\/td>\n<td class=\"xl65\">Luka<\/td>\n<td class=\"xl65\">Blagojevi\u0107<\/td>\n<\/tr>\n<tr>\n<td class=\"xl65\" height=\"21\">Dragan<\/td>\n<td class=\"xl65\">Milovan\u010devi\u0107<\/td>\n<\/tr>\n<tr>\n<td class=\"xl65\" height=\"21\">Ivan<\/td>\n<td class=\"xl65\">Mihailovi\u0107<\/td>\n<\/tr>\n<tr>\n<td class=\"xl65\" height=\"21\">Nikola<\/td>\n<td class=\"xl65\">Miti\u0107<\/td>\n<\/tr>\n<tr>\n<td class=\"xl65\" height=\"21\">Aleksa<\/td>\n<td class=\"xl65\">Miljkovi\u0107<\/td>\n<\/tr>\n<tr>\n<td class=\"xl66\" rowspan=\"5\" height=\"105\">6<\/td>\n<td class=\"xl66\" rowspan=\"5\">placeholder<\/td>\n<td class=\"xl65\">Aleksa<\/td>\n<td class=\"xl65\">Vu\u010dkovi\u0107<\/td>\n<\/tr>\n<tr>\n<td class=\"xl65\" height=\"21\">Luka<\/td>\n<td class=\"xl65\">Petrovi\u0107<\/td>\n<\/tr>\n<tr>\n<td class=\"xl65\" height=\"21\">Milo\u0161<\/td>\n<td class=\"xl65\">Kecojevi\u0107<\/td>\n<\/tr>\n<tr>\n<td class=\"xl65\" height=\"21\">Ilija<\/td>\n<td class=\"xl65\">Obradovi\u0107<\/td>\n<\/tr>\n<tr>\n<td class=\"xl65\" height=\"21\">Aleksa<\/td>\n<td class=\"xl65\">Vladi\u0107<\/td>\n<\/tr>\n<tr>\n<td class=\"xl66\" rowspan=\"5\" height=\"105\">7<\/td>\n<td class=\"xl66\" rowspan=\"5\">\u043c\u0430\u0458\u043d\u043a\u0440\u0430\u0444\u0442<\/td>\n<td class=\"xl65\">Igor<\/td>\n<td class=\"xl65\">Kandic<\/td>\n<\/tr>\n<tr>\n<td class=\"xl65\" height=\"21\">Pavle<\/td>\n<td class=\"xl65\">Seke\u0161an<\/td>\n<\/tr>\n<tr>\n<td class=\"xl65\" height=\"21\">Andrej<\/td>\n<td class=\"xl65\">Pandiloski<\/td>\n<\/tr>\n<tr>\n<td class=\"xl65\" height=\"21\">Jovana<\/td>\n<td class=\"xl65\">Lazi\u0107<\/td>\n<\/tr>\n<tr>\n<td class=\"xl65\" height=\"21\">Petar<\/td>\n<td class=\"xl65\">Vukotic<\/td>\n<\/tr>\n<tr>\n<td class=\"xl66\" rowspan=\"5\" height=\"105\">8<\/td>\n<td class=\"xl66\" rowspan=\"5\">HakaFON1<\/td>\n<td class=\"xl65\">Mirko<\/td>\n<td class=\"xl65\">Nikic<\/td>\n<\/tr>\n<tr>\n<td class=\"xl65\" height=\"21\">Matea<\/td>\n<td class=\"xl65\">Lukic<\/td>\n<\/tr>\n<tr>\n<td class=\"xl65\" height=\"21\">Stefan<\/td>\n<td class=\"xl65\">Jovanovi\u0107<\/td>\n<\/tr>\n<tr>\n<td class=\"xl65\" height=\"21\">Stefan<\/td>\n<td class=\"xl65\">Kotlaja<\/td>\n<\/tr>\n<tr>\n<td class=\"xl65\" height=\"21\">Anastasija<\/td>\n<td class=\"xl65\">Cvetkovi\u0107<\/td>\n<\/tr>\n<tr>\n<td class=\"xl66\" rowspan=\"4\" height=\"84\">9<\/td>\n<td class=\"xl66\" rowspan=\"4\">Naissus<\/td>\n<td class=\"xl65\">Lazar<\/td>\n<td class=\"xl65\">Man\u010di\u0107<\/td>\n<\/tr>\n<tr>\n<td class=\"xl65\" height=\"21\">Strahinja<\/td>\n<td class=\"xl65\">Gocic<\/td>\n<\/tr>\n<tr>\n<td class=\"xl65\" height=\"21\">Luka<\/td>\n<td class=\"xl65\">Lazarevi\u0107<\/td>\n<\/tr>\n<tr>\n<td class=\"xl65\" height=\"21\">Djordje<\/td>\n<td class=\"xl65\">Stefanovic<\/td>\n<\/tr>\n<tr>\n<td class=\"xl66\" rowspan=\"5\" height=\"105\">10<\/td>\n<td class=\"xl66\" rowspan=\"5\">Krekeri<\/td>\n<td class=\"xl65\">Milo\u0161<\/td>\n<td class=\"xl65\">Popovi\u0107<\/td>\n<\/tr>\n<tr>\n<td class=\"xl65\" height=\"21\">Nikola<\/td>\n<td class=\"xl65\">Milosavljevic<\/td>\n<\/tr>\n<tr>\n<td class=\"xl65\" height=\"21\">Viktor<\/td>\n<td class=\"xl65\">Nagy<\/td>\n<\/tr>\n<tr>\n<td class=\"xl65\" height=\"21\">Milena<\/td>\n<td class=\"xl65\">Jeli\u0107<\/td>\n<\/tr>\n<tr>\n<td class=\"xl65\" height=\"21\">Dejan<\/td>\n<td class=\"xl65\">Bogovac<\/td>\n<\/tr>\n<tr>\n<td class=\"xl66\" rowspan=\"5\" height=\"105\">11<\/td>\n<td class=\"xl66\" rowspan=\"5\">Elhack<\/td>\n<td class=\"xl65\">Lazar<\/td>\n<td class=\"xl65\">Ignjatovi\u0107<\/td>\n<\/tr>\n<tr>\n<td class=\"xl65\" height=\"21\">Uros<\/td>\n<td class=\"xl65\">Lazic<\/td>\n<\/tr>\n<tr>\n<td class=\"xl65\" height=\"21\">Teodora<\/td>\n<td class=\"xl65\">Kalezi\u0107<\/td>\n<\/tr>\n<tr>\n<td class=\"xl65\" height=\"21\">Marko<\/td>\n<td class=\"xl65\">Stankovi\u0107<\/td>\n<\/tr>\n<tr>\n<td class=\"xl65\" height=\"21\">Milo\u0161<\/td>\n<td class=\"xl65\">Jovanovi\u0107<\/td>\n<\/tr>\n<tr>\n<td class=\"xl66\" rowspan=\"5\" height=\"105\">12<\/td>\n<td class=\"xl66\" rowspan=\"5\">Man in blue<\/td>\n<td class=\"xl65\">Jovan<\/td>\n<td class=\"xl65\">Bogovac<\/td>\n<\/tr>\n<tr>\n<td class=\"xl65\" height=\"21\">Marko<\/td>\n<td class=\"xl65\">\u017darkovi\u0107<\/td>\n<\/tr>\n<tr>\n<td class=\"xl65\" height=\"21\">Bogdan<\/td>\n<td class=\"xl65\">Mitrovi\u0107<\/td>\n<\/tr>\n<tr>\n<td class=\"xl65\" height=\"21\">Milo\u0161<\/td>\n<td class=\"xl65\">Risti\u0107<\/td>\n<\/tr>\n<tr>\n<td class=\"xl65\" height=\"21\">Radovan<\/td>\n<td class=\"xl65\">Andjelkovic<\/td>\n<\/tr>\n<tr>\n<td class=\"xl66\" rowspan=\"5\" height=\"105\">13<\/td>\n<td class=\"xl66\" rowspan=\"5\">HakaFON2<\/td>\n<td class=\"xl65\">Luka<\/td>\n<td class=\"xl65\">Krsti\u0107<\/td>\n<\/tr>\n<tr>\n<td class=\"xl65\" height=\"21\">Branislav<\/td>\n<td class=\"xl65\">Stojanovi\u0107<\/td>\n<\/tr>\n<tr>\n<td class=\"xl65\" height=\"21\">Bla\u017eo<\/td>\n<td class=\"xl65\">Soki\u0107<\/td>\n<\/tr>\n<tr>\n<td class=\"xl65\" height=\"21\">Vuk<\/td>\n<td class=\"xl65\">Janjusevic<\/td>\n<\/tr>\n<tr>\n<td class=\"xl65\" height=\"21\">Pavle<\/td>\n<td class=\"xl65\">Ga\u0161i\u0107<\/td>\n<\/tr>\n<tr>\n<td class=\"xl66\" rowspan=\"5\" height=\"105\">14<\/td>\n<td class=\"xl66\" rowspan=\"5\">Edgerunners<\/td>\n<td class=\"xl65\">Vuka\u0161in<\/td>\n<td class=\"xl65\">Bogdanovi\u0107<\/td>\n<\/tr>\n<tr>\n<td class=\"xl65\" height=\"21\">Mihailo<\/td>\n<td class=\"xl65\">Babi\u0107<\/td>\n<\/tr>\n<tr>\n<td class=\"xl65\" height=\"21\">Bojan<\/td>\n<td class=\"xl65\">Mijanovi\u0107<\/td>\n<\/tr>\n<tr>\n<td class=\"xl65\" height=\"21\">Jovan<\/td>\n<td class=\"xl65\">Joki\u0107<\/td>\n<\/tr>\n<tr>\n<td class=\"xl65\" height=\"21\">Luka<\/td>\n<td class=\"xl65\">\u0110or\u0111evi\u0107<\/td>\n<\/tr>\n<tr>\n<td class=\"xl66\" rowspan=\"4\" height=\"84\">15<\/td>\n<td class=\"xl66\" rowspan=\"4\">ifrinn<\/td>\n<td class=\"xl65\">Ilija<\/td>\n<td class=\"xl65\">Radosavljevi\u0107<\/td>\n<\/tr>\n<tr>\n<td class=\"xl65\" height=\"21\">Vuk<\/td>\n<td class=\"xl65\">Dolijanovi\u0107<\/td>\n<\/tr>\n<tr>\n<td class=\"xl65\" height=\"21\">Mihajlo<\/td>\n<td class=\"xl65\">Markov<\/td>\n<\/tr>\n<tr>\n<td class=\"xl65\" height=\"21\">Stefan<\/td>\n<td class=\"xl65\">\u0106ur\u010di\u0107<\/td>\n<\/tr>\n<tr>\n<td class=\"xl66\" rowspan=\"5\" height=\"105\">16<\/td>\n<td class=\"xl66\" rowspan=\"5\">Zero Day<\/td>\n<td class=\"xl65\">Djordje<\/td>\n<td class=\"xl65\">Zivkovic<\/td>\n<\/tr>\n<tr>\n<td class=\"xl65\" height=\"21\">Nemanja<\/td>\n<td class=\"xl65\">Bisi\u0107<\/td>\n<\/tr>\n<tr>\n<td class=\"xl65\" height=\"21\">Ognjen<\/td>\n<td class=\"xl65\">Simi\u0107<\/td>\n<\/tr>\n<tr>\n<td class=\"xl65\" height=\"21\">Sofija<\/td>\n<td class=\"xl65\">Teofilovi\u0107<\/td>\n<\/tr>\n<tr>\n<td class=\"xl65\" height=\"21\">Tamara<\/td>\n<td class=\"xl65\">Drobnjakovi\u0107<\/td>\n<\/tr>\n<tr>\n<td class=\"xl66\" rowspan=\"3\" height=\"63\">17<\/td>\n<td class=\"xl67\" rowspan=\"3\">80%<\/td>\n<td class=\"xl65\">Nikola<\/td>\n<td class=\"xl65\">Lazin<\/td>\n<\/tr>\n<tr>\n<td class=\"xl65\" height=\"21\">Dejan<\/td>\n<td class=\"xl65\">Bojkovic<\/td>\n<\/tr>\n<tr>\n<td class=\"xl65\" height=\"21\">Stevan<\/td>\n<td class=\"xl65\">Jovanov<\/td>\n<\/tr>\n<\/tbody>\n<\/table>\n\n\t\t<\/div>\n\t<\/div>\n<\/div><\/div><\/div><\/div><\/div>\n<\/div>","protected":false},"excerpt":{"rendered":"Finalni rezultati takmi\u010denja SCC2023 U nastavku su kona\u010dni rezultati SCC2023 takmi\u010denja. Galerija slika sa takmi\u010denja &gt;&gt; Galerija slika sa finalne sve\u010danosti i dodele nagrada &gt;&gt; 1 Panonimusi Du\u0161an Lazi\u0107 Marko Gordi\u0107 Ana Batranovic Ivan Mr\u0161ulja Igor \u0160ikuljak 2 Recover All Flags Aleksandar Jovanovic Jovan Pavlovic Vojin Golubovi\u0107 Mihajlo Krsmanovi\u0107 An\u0111ela Komneni\u0107 3 de_bageri Ostoja Sredojevic&hellip;","protected":false},"author":1,"featured_media":0,"parent":0,"menu_order":0,"comment_status":"closed","ping_status":"open","template":"","meta":{"inline_featured_image":false,"footnotes":""},"class_list":["post-2212","page","type-page","status-publish","hentry"],"_links":{"self":[{"href":"https:\/\/sajberheroj.rs\/en\/wp-json\/wp\/v2\/pages\/2212","targetHints":{"allow":["GET"]}}],"collection":[{"href":"https:\/\/sajberheroj.rs\/en\/wp-json\/wp\/v2\/pages"}],"about":[{"href":"https:\/\/sajberheroj.rs\/en\/wp-json\/wp\/v2\/types\/page"}],"author":[{"embeddable":true,"href":"https:\/\/sajberheroj.rs\/en\/wp-json\/wp\/v2\/users\/1"}],"replies":[{"embeddable":true,"href":"https:\/\/sajberheroj.rs\/en\/wp-json\/wp\/v2\/comments?post=2212"}],"version-history":[{"count":7,"href":"https:\/\/sajberheroj.rs\/en\/wp-json\/wp\/v2\/pages\/2212\/revisions"}],"predecessor-version":[{"id":2219,"href":"https:\/\/sajberheroj.rs\/en\/wp-json\/wp\/v2\/pages\/2212\/revisions\/2219"}],"wp:attachment":[{"href":"https:\/\/sajberheroj.rs\/en\/wp-json\/wp\/v2\/media?parent=2212"}],"curies":[{"name":"wp","href":"https:\/\/api.w.org\/{rel}","templated":true}]}}