{"id":1674,"date":"2023-05-16T23:17:14","date_gmt":"2023-05-16T21:17:14","guid":{"rendered":"https:\/\/cyberhero.rs\/?page_id=1674"},"modified":"2023-05-16T23:17:14","modified_gmt":"2023-05-16T21:17:14","slug":"scc-2023-finale-informacije","status":"publish","type":"page","link":"https:\/\/sajberheroj.rs\/en\/scc-2023-finale-informacije\/","title":{"rendered":"SCC 2023 Finale &#8211; Informacije"},"content":{"rendered":"<div class=\"wpb-content-wrapper\"><div class=\"vc-row-container container\"><div class=\"vc_row wpb_row vc_row-fluid\"><div class=\"wpb_column vc_column_container vc_col-sm-12\"><div class=\"vc_column-inner\"><div class=\"wpb_wrapper\"><\/div><\/div><\/div><div class=\"wpb_column vc_column_container vc_col-sm-12\"><div class=\"vc_column-inner\"><div class=\"wpb_wrapper\">\n\t<div class=\"wpb_text_column wpb_content_element post-formatting\" >\n\t\t<div class=\"wpb_wrapper\">\n\t\t\t<h2 style=\"font-weight: 400;\">Informacije i pravila vezana za finale takmi\u010denja SCC2023<\/h2>\n<p>&nbsp;<\/p>\n<ol>\n<li>The final stage of the competition is conducted between formed teams whose members have passed the qualification stage of the competition.<\/li>\n<li>\n<div>\n<div>Participation in the competition is limited to personal presence at the location of the competition in the SKIP center.<\/div>\n<\/div>\n<\/li>\n<li>\n<div>\n<div>Online participation ie. remote access outside the competition site is not allowed (access addresses are followed), except in situations where the Organizing Committee approves it<\/div>\n<\/div>\n<\/li>\n<li>Platforma za takmi\u010denje je HackTheBox CTF &#8211;<a href=\"https:\/\/ctf.hackthebox.com\/event\/details\/serbian-cybersecurity-challenge-2023-final-986\">https:\/\/ctf.hackthebox.com\/event\/details\/serbian-cybersecurity-challenge-2023-final-986<\/a><\/li>\n<li>Po\u010detak finala takmi\u010denja je 17. maja u 10:00<\/li>\n<li>Zavr\u0161etak finala takmi\u010denja je 17. maja u 19:00<\/li>\n<li>Zabranjeno je kori\u0161\u0107enje pomo\u0107i od strane tre\u0107ih lica kao i bilo koja saradnja izme\u0111u timova. Kr\u0161enje ovog pravila \u0107e biti sankcionisano isklju\u010denjem sa takmi\u010denja.<\/li>\n<li><strong>Strogo je zabranjeno deljenje i\/ili objavljivanje celih ili delimi\u010dnih<\/strong> r<strong>e\u0161enja zadataka koji su sastavni deo takmi\u010denja &#8211; ni tokom, ni nakon takmi\u010denja, jer bi se u tom slu\u010daju pored ugro\u017eavanja fer-pleja i integriteta takmi\u010denja, ugrozila i intelektualna svojina vlasnika i operatera platforme HackTheBox. Kr\u0161enje ovog pravila \u0107e biti sankcionisano isklju\u010denjem sa takmi\u010denja i <u>mo\u017ee da implicira i li\u010dnu zakonsku odgovornost <\/u>!!!<\/strong><\/li>\n<li>No security testing, DoS\/DDoS attack and \"hacking\" allowed<\/li>\n<li>Brute-force attempts to set flags are not allowed<\/li>\n<li>The Organizing Committee reserves the right to \"freeze\" the Scoreboard before the end of the competition, so that the final results are unknown before the official announcement<\/li>\n<li>The official results will be published by the Organizing Committee, the scoreboard situation does not necessarily reflect the final and official results<\/li>\n<li>Takmi\u010dari treba da po\u0161tuju instrukcije i smernice organizatora takmi\u010denja.<\/li>\n<li>Takmi\u010dari treba da po\u0161tuju svu relevantnu zakonsku regulativu Republike Srbije.<\/li>\n<li>Organizatori takmi\u010denja ne\u0107e pru\u017eati nikakav vid pomo\u0107i vezano za re\u0161avanje zadataka.<\/li>\n<li>U slu\u010daju tehni\u010dkih problema sa platformom potrebno je direktno kontaktirati HackTheBox podr\u0161ku preko platforme<\/li>\n<li>The communication channel during the competition is exclusively the CyberHero Discord server<\/li>\n<\/ol>\n\n\t\t<\/div>\n\t<\/div>\n<\/div><\/div><\/div><\/div><\/div><div class=\"vc-row-container container\"><div class=\"vc_row wpb_row vc_row-fluid\"><div class=\"wpb_column vc_column_container vc_col-sm-12\"><div class=\"vc_column-inner\"><div class=\"wpb_wrapper\"><\/div><\/div><\/div><\/div><\/div>\n<\/div>","protected":false},"excerpt":{"rendered":"Informacije i pravila vezana za finale takmi\u010denja SCC2023 &nbsp; Finalna faza takmi\u010denja se sprovodi izme\u0111u formiranih timova \u010diji su \u010dlanovi pro\u0161li kvalifikacionu fazu takmi\u010denja. U\u010de\u0161\u0107e na takmi\u010denju je isklju\u010divo uz li\u010dno prisustvo na lokaciji takmi\u010denja u SKIP centru. Online u\u0161e\u0161\u0107e tj. udaljeni pristup van lokacije takmi\u010denja nije dozvoljen (prate se adrese pristupa), osim u situacijama&hellip;","protected":false},"author":1,"featured_media":0,"parent":0,"menu_order":0,"comment_status":"closed","ping_status":"open","template":"","meta":{"inline_featured_image":false,"footnotes":""},"class_list":["post-1674","page","type-page","status-publish","hentry"],"_links":{"self":[{"href":"https:\/\/sajberheroj.rs\/en\/wp-json\/wp\/v2\/pages\/1674","targetHints":{"allow":["GET"]}}],"collection":[{"href":"https:\/\/sajberheroj.rs\/en\/wp-json\/wp\/v2\/pages"}],"about":[{"href":"https:\/\/sajberheroj.rs\/en\/wp-json\/wp\/v2\/types\/page"}],"author":[{"embeddable":true,"href":"https:\/\/sajberheroj.rs\/en\/wp-json\/wp\/v2\/users\/1"}],"replies":[{"embeddable":true,"href":"https:\/\/sajberheroj.rs\/en\/wp-json\/wp\/v2\/comments?post=1674"}],"version-history":[{"count":3,"href":"https:\/\/sajberheroj.rs\/en\/wp-json\/wp\/v2\/pages\/1674\/revisions"}],"predecessor-version":[{"id":2401,"href":"https:\/\/sajberheroj.rs\/en\/wp-json\/wp\/v2\/pages\/1674\/revisions\/2401"}],"wp:attachment":[{"href":"https:\/\/sajberheroj.rs\/en\/wp-json\/wp\/v2\/media?parent=1674"}],"curies":[{"name":"wp","href":"https:\/\/api.w.org\/{rel}","templated":true}]}}